{"id":178,"date":"2024-03-07T15:46:36","date_gmt":"2024-03-07T14:46:36","guid":{"rendered":"https:\/\/rakbow.fr\/?page_id=178"},"modified":"2024-03-07T15:46:37","modified_gmt":"2024-03-07T14:46:37","slug":"mentions-legales","status":"publish","type":"page","link":"https:\/\/rakbow.fr\/?page_id=178","title":{"rendered":"Mentions l\u00e9gales"},"content":{"rendered":"\n<p>Ce site web est \u00e9dit\u00e9 par RAKBOW SAS, soci\u00e9t\u00e9 au capital de 3000 euros, immatricul\u00e9e au Registre du Commerce et des Soci\u00e9t\u00e9s de Ch\u00e2tillon, dont le si\u00e8ge social est situ\u00e9 au 71 Avenue de Verdun, 92320 Ch\u00e2tillon.<\/p>\n\n\n\n<p>Directeur de la publication : Allan Drikes<\/p>\n\n\n\n<p>Contact : contact@rakbow.fr<\/p>\n\n\n\n<p>H\u00e9bergement : Ce site est h\u00e9berg\u00e9 par Hostinger International LTD dont le si\u00e8ge social est situ\u00e9 au <strong>61 Lordou Vironos Street, 6023 Larnaca, Chypre<\/strong><\/p>\n\n\n\n<p>Collecte de donn\u00e9es personnelles :<\/p>\n\n\n\n<p>Les informations recueillies font l&rsquo;objet d&rsquo;un traitement informatique destin\u00e9 \u00e0 la gestion du portefeuille client. Les donn\u00e9es collect\u00e9es sont n\u00e9cessaires pour le traitement des dossiers de nos clients afin de leur fournir nos services et leur transmettre des documents.<\/p>\n\n\n\n<p>Conform\u00e9ment au R\u00e8glement G\u00e9n\u00e9ral sur la Protection des Donn\u00e9es (RGPD) et \u00e0 la Loi Informatique et Libert\u00e9s, vous disposez d&rsquo;un droit d&rsquo;acc\u00e8s, de rectification, de suppression, de limitation et d&rsquo;opposition au traitement de vos donn\u00e9es personnelles. Vous pouvez exercer ces droits en nous contactant \u00e0 l&rsquo;adresse suivante : contact@rakbow.fr ou par courrier postal \u00e0 l&rsquo;adresse suivante : 71 Avenue de Verdun, 92320 Ch\u00e2tillon<\/p>\n\n\n\n<p>Cookies :<\/p>\n\n\n\n<p>Ce site utilise des cookies pour am\u00e9liorer l&rsquo;exp\u00e9rience de navigation et analyser l&rsquo;utilisation du site. En naviguant sur ce site, vous consentez \u00e0 l&rsquo;utilisation des cookies conform\u00e9ment \u00e0 notre politique en mati\u00e8re de cookies. Vous pouvez n\u00e9anmoins configurer votre navigateur pour refuser l&rsquo;installation de ces cookies.<\/p>\n\n\n\n<p>Propri\u00e9t\u00e9 intellectuelle :<\/p>\n\n\n\n<p>L&rsquo;ensemble des contenus pr\u00e9sents sur ce site (textes, images, vid\u00e9os, etc.) sont prot\u00e9g\u00e9s par le droit de la propri\u00e9t\u00e9 intellectuelle. Toute reproduction, distribution ou repr\u00e9sentation totale ou partielle de ces contenus est interdite sans autorisation pr\u00e9alable.<\/p>\n","protected":false},"excerpt":{"rendered":"<p>Ce site web est \u00e9dit\u00e9 par RAKBOW SAS, soci\u00e9t\u00e9 au capital de 3000 euros, immatricul\u00e9e au Registre du Commerce et des Soci\u00e9t\u00e9s de Ch\u00e2tillon, dont le si\u00e8ge social est situ\u00e9 au 71 Avenue de Verdun, 92320 Ch\u00e2tillon. Directeur de la publication : Allan Drikes Contact : contact@rakbow.fr H\u00e9bergement : Ce site est h\u00e9berg\u00e9 par Hostinger [&hellip;]<\/p>\n","protected":false},"author":1,"featured_media":0,"parent":0,"menu_order":0,"comment_status":"closed","ping_status":"closed","template":"","meta":{"om_disable_all_campaigns":false,"_monsterinsights_skip_tracking":false,"_monsterinsights_sitenote_active":false,"_monsterinsights_sitenote_note":"","_monsterinsights_sitenote_category":0,"footnotes":""},"aioseo_notices":[],"_links":{"self":[{"href":"https:\/\/rakbow.fr\/index.php?rest_route=\/wp\/v2\/pages\/178"}],"collection":[{"href":"https:\/\/rakbow.fr\/index.php?rest_route=\/wp\/v2\/pages"}],"about":[{"href":"https:\/\/rakbow.fr\/index.php?rest_route=\/wp\/v2\/types\/page"}],"author":[{"embeddable":true,"href":"https:\/\/rakbow.fr\/index.php?rest_route=\/wp\/v2\/users\/1"}],"replies":[{"embeddable":true,"href":"https:\/\/rakbow.fr\/index.php?rest_route=%2Fwp%2Fv2%2Fcomments&post=178"}],"version-history":[{"count":1,"href":"https:\/\/rakbow.fr\/index.php?rest_route=\/wp\/v2\/pages\/178\/revisions"}],"predecessor-version":[{"id":179,"href":"https:\/\/rakbow.fr\/index.php?rest_route=\/wp\/v2\/pages\/178\/revisions\/179"}],"wp:attachment":[{"href":"https:\/\/rakbow.fr\/index.php?rest_route=%2Fwp%2Fv2%2Fmedia&parent=178"}],"curies":[{"name":"wp","href":"https:\/\/api.w.org\/{rel}","templated":true}]}}