{"id":184,"date":"2024-03-07T16:12:28","date_gmt":"2024-03-07T15:12:28","guid":{"rendered":"https:\/\/rakbow.fr\/?page_id=184"},"modified":"2024-03-07T16:14:48","modified_gmt":"2024-03-07T15:14:48","slug":"a-propos","status":"publish","type":"page","link":"https:\/\/rakbow.fr\/?page_id=184","title":{"rendered":"\u00c0 propos"},"content":{"rendered":"\n<figure class=\"wp-block-image aligncenter size-full is-resized\"><img fetchpriority=\"high\" decoding=\"async\" width=\"375\" height=\"484\" src=\"http:\/\/rakbow.fr\/wp-content\/uploads\/2024\/03\/Image-a-propos-1-1.jpeg\" alt=\"\" class=\"wp-image-186\" style=\"width:225px;height:auto\" srcset=\"https:\/\/rakbow.fr\/wp-content\/uploads\/2024\/03\/Image-a-propos-1-1.jpeg 375w, https:\/\/rakbow.fr\/wp-content\/uploads\/2024\/03\/Image-a-propos-1-1-232x300.jpeg 232w\" sizes=\"(max-width: 375px) 100vw, 375px\" \/><\/figure>\n\n\n\n<p>Je m&rsquo;appelle Allan DRIKES et je suis le fondateur de RAKBOW. Passionn\u00e9 par la compr\u00e9hension des gens et la transmission de messages \u00e0 impact, j&rsquo;ai d\u00e9j\u00e0 accompagn\u00e9 de nombreuses entreprises en tant que freelance dans leurs enjeux de visibilit\u00e9 et de compr\u00e9hension de leur march\u00e9. <\/p>\n\n\n\n<p><\/p>\n\n\n\n<p>Fort de cette exp\u00e9rience et entour\u00e9 de mes nombreux partenaires, j&rsquo;ai la certitude que RAKBOW est un partenaire cl\u00e9 pour faire face aux nombreux d\u00e9fis de la vie d&rsquo;une entreprise. Prenez contact et voyez par vous-m\u00eame ! <\/p>\n\n\n\n<div class=\"wp-block-buttons is-content-justification-center is-layout-flex wp-container-core-buttons-layout-1 wp-block-buttons-is-layout-flex\">\n<div class=\"wp-block-button\"><a class=\"wp-block-button__link wp-element-button\" href=\"https:\/\/rakbow.fr\/?page_id=119\">Contactez RAKBOW<\/a><\/div>\n<\/div>\n","protected":false},"excerpt":{"rendered":"<p>Je m&rsquo;appelle Allan DRIKES et je suis le fondateur de RAKBOW. Passionn\u00e9 par la compr\u00e9hension des gens et la transmission de messages \u00e0 impact, j&rsquo;ai d\u00e9j\u00e0 accompagn\u00e9 de nombreuses entreprises en tant que freelance dans leurs enjeux de visibilit\u00e9 et de compr\u00e9hension de leur march\u00e9. Fort de cette exp\u00e9rience et entour\u00e9 de mes nombreux partenaires, [&hellip;]<\/p>\n","protected":false},"author":1,"featured_media":0,"parent":0,"menu_order":0,"comment_status":"closed","ping_status":"closed","template":"","meta":{"om_disable_all_campaigns":false,"_monsterinsights_skip_tracking":false,"_monsterinsights_sitenote_active":false,"_monsterinsights_sitenote_note":"","_monsterinsights_sitenote_category":0,"footnotes":""},"aioseo_notices":[],"_links":{"self":[{"href":"https:\/\/rakbow.fr\/index.php?rest_route=\/wp\/v2\/pages\/184"}],"collection":[{"href":"https:\/\/rakbow.fr\/index.php?rest_route=\/wp\/v2\/pages"}],"about":[{"href":"https:\/\/rakbow.fr\/index.php?rest_route=\/wp\/v2\/types\/page"}],"author":[{"embeddable":true,"href":"https:\/\/rakbow.fr\/index.php?rest_route=\/wp\/v2\/users\/1"}],"replies":[{"embeddable":true,"href":"https:\/\/rakbow.fr\/index.php?rest_route=%2Fwp%2Fv2%2Fcomments&post=184"}],"version-history":[{"count":2,"href":"https:\/\/rakbow.fr\/index.php?rest_route=\/wp\/v2\/pages\/184\/revisions"}],"predecessor-version":[{"id":189,"href":"https:\/\/rakbow.fr\/index.php?rest_route=\/wp\/v2\/pages\/184\/revisions\/189"}],"wp:attachment":[{"href":"https:\/\/rakbow.fr\/index.php?rest_route=%2Fwp%2Fv2%2Fmedia&parent=184"}],"curies":[{"name":"wp","href":"https:\/\/api.w.org\/{rel}","templated":true}]}}